{"id":18,"date":"2025-08-04T13:32:32","date_gmt":"2025-08-04T13:32:32","guid":{"rendered":"https:\/\/dummy.xtemos.com\/woodmart2\/pets-elementor\/?page_id=18"},"modified":"2025-10-28T20:45:31","modified_gmt":"2025-10-28T20:45:31","slug":"hakkimizda","status":"publish","type":"page","link":"https:\/\/lindelnlanguageclub.ch\/tr\/hakkimizda\/","title":{"rendered":"Hakk\u0131m\u0131zda"},"content":{"rendered":"<div data-elementor-type=\"wp-page\" data-elementor-id=\"18\" class=\"elementor elementor-18\">\n\t\t\t\t<div class=\"wd-negative-gap elementor-element elementor-element-027f74a wd-section-stretch e-flex e-con-boxed e-con e-parent\" data-id=\"027f74a\" data-element_type=\"container\" data-e-type=\"container\" data-settings=\"{&quot;background_background&quot;:&quot;classic&quot;}\">\n\t\t\t\t\t<div class=\"e-con-inner\">\n\t\t\t\t<div class=\"elementor-element elementor-element-dd3bafa wd-el-page-heading text-left elementor-widget elementor-widget-wd_page_heading\" data-id=\"dd3bafa\" data-element_type=\"widget\" data-e-type=\"widget\" data-widget_type=\"wd_page_heading.default\">\n\t\t\t\t<div class=\"elementor-widget-container\">\n\t\t\t\t\t<h2 class=\"entry-title title\">Hakk\u0131m\u0131zda<\/h2>\t\t\t\t<\/div>\n\t\t\t\t<\/div>\n\t\t\t\t<div class=\"elementor-element elementor-element-d41ec81 wd-el-breadcrumbs text-left elementor-widget elementor-widget-wd_element_breadcrumbs\" data-id=\"d41ec81\" data-element_type=\"widget\" data-e-type=\"widget\" data-widget_type=\"wd_element_breadcrumbs.default\">\n\t\t\t\t<div class=\"elementor-widget-container\">\n\t\t\t\t\t<nav class=\"wd-breadcrumbs\"><a href=\"https:\/\/lindelnlanguageclub.ch\/tr\/\">Ev<\/a><span class=\"wd-delimiter\"><\/span><span class=\"wd-last\">Sayfa<\/span><\/nav>\t\t\t\t<\/div>\n\t\t\t\t<\/div>\n\t\t\t\t\t<\/div>\n\t\t\t\t<\/div>\n\t\t<div class=\"wd-negative-gap elementor-element elementor-element-10a5fc4 e-flex e-con-boxed e-con e-parent\" data-id=\"10a5fc4\" data-element_type=\"container\" data-e-type=\"container\" data-settings=\"{&quot;background_background&quot;:&quot;classic&quot;}\">\n\t\t\t\t\t<div class=\"e-con-inner\">\n\t\t<div class=\"elementor-element elementor-element-8f6003d e-con-full e-flex e-con e-child\" data-id=\"8f6003d\" data-element_type=\"container\" data-e-type=\"container\" data-settings=\"{&quot;background_background&quot;:&quot;classic&quot;}\">\n\t\t\t\t<\/div>\n\t\t<div class=\"elementor-element elementor-element-1454eb1 e-con-full color-scheme-light e-flex e-con e-child\" data-id=\"1454eb1\" data-element_type=\"container\" data-e-type=\"container\">\n\t\t\t\t<div class=\"elementor-element elementor-element-eeb1441 wd-width-100 elementor-widget elementor-widget-wd_title\" data-id=\"eeb1441\" data-element_type=\"widget\" data-e-type=\"widget\" data-widget_type=\"wd_title.default\">\n\t\t\t\t<div class=\"elementor-widget-container\">\n\t\t\t\t\t\t\t<div class=\"title-wrapper wd-set-mb reset-last-child wd-title-color-default wd-title-style-default wd-title-size-default text-left\">\n\n\t\t\t\n\t\t\t<div class=\"liner-continer\">\n\t\t\t\t<h4 class=\"woodmart-title-container title wd-fontsize-l\">Lindeln Dil Kul\u00fcb\u00fc<\/h4> \n\t\t\t\t\t\t\t<\/div>\n\n\t\t\t\t\t<\/div>\n\t\t\t\t\t\t<\/div>\n\t\t\t\t<\/div>\n\t\t\t\t<div class=\"elementor-element elementor-element-23aacc8 elementor-widget elementor-widget-wd_text_block\" data-id=\"23aacc8\" data-element_type=\"widget\" data-e-type=\"widget\" data-widget_type=\"wd_text_block.default\">\n\t\t\t\t<div class=\"elementor-widget-container\">\n\t\t\t\t\t\t\t<div class=\"wd-text-block reset-last-child text-left\">\n\t\t\t\n\t\t\tLindeln Dil Kul\u00fcb\u00fc'nde, dil \u00f6\u011frenmenin yeni k\u00fclt\u00fcrlere, ba\u011flant\u0131lara ve \u00f6zg\u00fcvene kap\u0131 a\u00e7t\u0131\u011f\u0131na inan\u0131yoruz. Do\u011fan\u0131n kalbinde yer alan kul\u00fcb\u00fcm\u00fcz, insanlar\u0131 ileti\u015fim becerilerini geli\u015ftirmek ve k\u00fcresel perspektifleri kucaklamak i\u00e7in s\u0131cak, ilham verici bir ortamda bir araya getiriyor.\n\t\t\t\t\t<\/div>\n\t\t\t\t\t\t<\/div>\n\t\t\t\t<\/div>\n\t\t\t\t<div class=\"elementor-element elementor-element-ca7a063 wd-width-100 elementor-widget elementor-widget-wd_title\" data-id=\"ca7a063\" data-element_type=\"widget\" data-e-type=\"widget\" data-widget_type=\"wd_title.default\">\n\t\t\t\t<div class=\"elementor-widget-container\">\n\t\t\t\t\t\t\t<div class=\"title-wrapper wd-set-mb reset-last-child wd-title-color-default wd-title-style-default wd-title-size-default text-left\">\n\n\t\t\t\n\t\t\t<div class=\"liner-continer\">\n\t\t\t\t<h4 class=\"woodmart-title-container title wd-fontsize-l\">Misyonumuz<\/h4> \n\t\t\t\t\t\t\t<\/div>\n\n\t\t\t\t\t<\/div>\n\t\t\t\t\t\t<\/div>\n\t\t\t\t<\/div>\n\t\t\t\t<div class=\"elementor-element elementor-element-acd571b elementor-widget elementor-widget-wd_text_block\" data-id=\"acd571b\" data-element_type=\"widget\" data-e-type=\"widget\" data-widget_type=\"wd_text_block.default\">\n\t\t\t\t<div class=\"elementor-widget-container\">\n\t\t\t\t\t\t\t<div class=\"wd-text-block reset-last-child text-left\">\n\t\t\t\n\t\t\tMisyonumuz, dil \u00f6\u011frenimini keyifli, etkili ve s\u00fcr\u00fckleyici hale getirmektir. Ki\u015fiselle\u015ftirilmi\u015f dersler, deneyimli \u00f6\u011fretmenler ve kurslardan dil kamplar\u0131na kadar dinamik programlar arac\u0131l\u0131\u011f\u0131yla, her ya\u015ftan \u00f6\u011frenciye \u00f6zg\u00fcrce ileti\u015fim kurma ve \u00e7ok dilli ifadenin keyfini ke\u015ffetme g\u00fcc\u00fc veriyoruz.\n\t\t\t\t\t<\/div>\n\t\t\t\t\t\t<\/div>\n\t\t\t\t<\/div>\n\t\t\t\t<\/div>\n\t\t\t\t\t<\/div>\n\t\t\t\t<\/div>\n\t\t<div class=\"wd-negative-gap elementor-element elementor-element-820c6fa e-flex e-con-boxed e-con e-parent\" data-id=\"820c6fa\" data-element_type=\"container\" data-e-type=\"container\">\n\t\t\t\t\t<div class=\"e-con-inner\">\n\t\t<div class=\"elementor-element elementor-element-76d9d9e e-con-full e-flex e-con e-child\" data-id=\"76d9d9e\" data-element_type=\"container\" data-e-type=\"container\">\n\t\t\t\t<div class=\"elementor-element elementor-element-74b337c elementor-widget elementor-widget-wd_image_or_svg\" data-id=\"74b337c\" data-element_type=\"widget\" data-e-type=\"widget\" data-widget_type=\"wd_image_or_svg.default\">\n\t\t\t\t<div class=\"elementor-widget-container\">\n\t\t\t\t\t\n\t\t<div class=\"wd-image text-left\">\n\t\t\t\t\t\t\t\t<img loading=\"lazy\" decoding=\"async\" width=\"1408\" height=\"768\" src=\"https:\/\/lindelnlanguageclub.ch\/wp-content\/uploads\/2025\/10\/1.jpg\" class=\"attachment-full size-full\" alt=\"\" srcset=\"https:\/\/lindelnlanguageclub.ch\/wp-content\/uploads\/2025\/10\/1.jpg 1408w, https:\/\/lindelnlanguageclub.ch\/wp-content\/uploads\/2025\/10\/1-400x218.jpg 400w, https:\/\/lindelnlanguageclub.ch\/wp-content\/uploads\/2025\/10\/1-1300x709.jpg 1300w, https:\/\/lindelnlanguageclub.ch\/wp-content\/uploads\/2025\/10\/1-768x419.jpg 768w, https:\/\/lindelnlanguageclub.ch\/wp-content\/uploads\/2025\/10\/1-430x235.jpg 430w, https:\/\/lindelnlanguageclub.ch\/wp-content\/uploads\/2025\/10\/1-700x382.jpg 700w, https:\/\/lindelnlanguageclub.ch\/wp-content\/uploads\/2025\/10\/1-150x82.jpg 150w\" sizes=\"auto, (max-width: 1408px) 100vw, 1408px\" \/>\t\t\t\t\t<\/div>\n\n\t\t\t\t\t\t<\/div>\n\t\t\t\t<\/div>\n\t\t\t\t<\/div>\n\t\t<div class=\"elementor-element elementor-element-e131762 e-con-full e-flex e-con e-child\" data-id=\"e131762\" data-element_type=\"container\" data-e-type=\"container\">\n\t\t\t\t<div class=\"elementor-element elementor-element-902975d wd-width-100 elementor-widget elementor-widget-wd_title\" data-id=\"902975d\" data-element_type=\"widget\" data-e-type=\"widget\" data-widget_type=\"wd_title.default\">\n\t\t\t\t<div class=\"elementor-widget-container\">\n\t\t\t\t\t\t\t<div class=\"title-wrapper wd-set-mb reset-last-child wd-title-color-default wd-title-style-default wd-title-size-default text-left\">\n\n\t\t\t\n\t\t\t<div class=\"liner-continer\">\n\t\t\t\t<h4 class=\"woodmart-title-container title wd-fontsize-l\">Dil \u00d6\u011freniminden Daha Fazlas\u0131<\/h4> \n\t\t\t\t\t\t\t<\/div>\n\n\t\t\t\t\t\t\t<div class=\"title-after_title reset-last-child wd-fontsize-xs\">\n\t\t\t\t\tLindeln Dil Kul\u00fcb\u00fc'nde sadece dil \u00f6\u011fretmiyoruz - k\u00fclt\u00fcrleri, ileti\u015fimi ve g\u00fcveni birbirine ba\u011fl\u0131yoruz. Misyonumuz, \u00f6\u011frenmeyi herkes i\u00e7in e\u011flenceli, ki\u015fisel ve etkili hale getirmektir.\t\t\t\t<\/div>\n\t\t\t\t\t<\/div>\n\t\t\t\t\t\t<\/div>\n\t\t\t\t<\/div>\n\t\t\t\t<\/div>\n\t\t\t\t\t<\/div>\n\t\t\t\t<\/div>\n\t\t<div class=\"wd-negative-gap elementor-element elementor-element-b53ea43 e-flex e-con-boxed e-con e-parent\" data-id=\"b53ea43\" data-element_type=\"container\" data-e-type=\"container\">\n\t\t\t\t\t<div class=\"e-con-inner\">\n\t\t<div class=\"elementor-element elementor-element-e5f2cb6 e-con-full e-flex e-con e-child\" data-id=\"e5f2cb6\" data-element_type=\"container\" data-e-type=\"container\">\n\t\t\t\t<div class=\"elementor-element elementor-element-a5a3374 wd-width-100 elementor-widget elementor-widget-wd_title\" data-id=\"a5a3374\" data-element_type=\"widget\" data-e-type=\"widget\" data-widget_type=\"wd_title.default\">\n\t\t\t\t<div class=\"elementor-widget-container\">\n\t\t\t\t\t\t\t<div class=\"title-wrapper wd-set-mb reset-last-child wd-title-color-default wd-title-style-default wd-title-size-default text-left\">\n\n\t\t\t\n\t\t\t<div class=\"liner-continer\">\n\t\t\t\t<h4 class=\"woodmart-title-container title wd-fontsize-l\">Deneyimli \u00d6\u011fretmenler, Samimi Atmosfer<\/h4> \n\t\t\t\t\t\t\t<\/div>\n\n\t\t\t\t\t\t\t<div class=\"title-after_title reset-last-child wd-fontsize-xs\">\n\t\t\t\t\tE\u011fitmenlerimiz, kendilerini ba\u015far\u0131l\u0131 olman\u0131za yard\u0131mc\u0131 olmaya adam\u0131\u015f uluslararas\u0131 deneyime sahip profesyonellerdir. K\u00fc\u00e7\u00fck gruplar ve ki\u015fiselle\u015ftirilmi\u015f ilgi ile \u00f6\u011frenme s\u00fcrecini do\u011fal ve \u00f6d\u00fcllendirici hale getiriyoruz.\t\t\t\t<\/div>\n\t\t\t\t\t<\/div>\n\t\t\t\t\t\t<\/div>\n\t\t\t\t<\/div>\n\t\t\t\t<\/div>\n\t\t<div class=\"elementor-element elementor-element-7c1872d e-con-full e-flex e-con e-child\" data-id=\"7c1872d\" data-element_type=\"container\" data-e-type=\"container\">\n\t\t\t\t<div class=\"elementor-element elementor-element-2eb735c elementor-widget elementor-widget-wd_image_or_svg\" data-id=\"2eb735c\" data-element_type=\"widget\" data-e-type=\"widget\" data-widget_type=\"wd_image_or_svg.default\">\n\t\t\t\t<div class=\"elementor-widget-container\">\n\t\t\t\t\t\n\t\t<div class=\"wd-image text-left\">\n\t\t\t\t\t\t\t\t<img loading=\"lazy\" decoding=\"async\" width=\"1408\" height=\"768\" src=\"https:\/\/lindelnlanguageclub.ch\/wp-content\/uploads\/2025\/10\/2.jpg\" class=\"attachment-full size-full\" alt=\"\" srcset=\"https:\/\/lindelnlanguageclub.ch\/wp-content\/uploads\/2025\/10\/2.jpg 1408w, https:\/\/lindelnlanguageclub.ch\/wp-content\/uploads\/2025\/10\/2-400x218.jpg 400w, https:\/\/lindelnlanguageclub.ch\/wp-content\/uploads\/2025\/10\/2-1300x709.jpg 1300w, https:\/\/lindelnlanguageclub.ch\/wp-content\/uploads\/2025\/10\/2-768x419.jpg 768w, https:\/\/lindelnlanguageclub.ch\/wp-content\/uploads\/2025\/10\/2-430x235.jpg 430w, https:\/\/lindelnlanguageclub.ch\/wp-content\/uploads\/2025\/10\/2-700x382.jpg 700w, https:\/\/lindelnlanguageclub.ch\/wp-content\/uploads\/2025\/10\/2-150x82.jpg 150w\" sizes=\"auto, (max-width: 1408px) 100vw, 1408px\" \/>\t\t\t\t\t<\/div>\n\n\t\t\t\t\t\t<\/div>\n\t\t\t\t<\/div>\n\t\t\t\t<\/div>\n\t\t\t\t\t<\/div>\n\t\t\t\t<\/div>\n\t\t<div class=\"wd-negative-gap elementor-element elementor-element-b6fd351 e-flex e-con-boxed e-con e-parent\" data-id=\"b6fd351\" data-element_type=\"container\" data-e-type=\"container\">\n\t\t\t\t\t<div class=\"e-con-inner\">\n\t\t<div class=\"elementor-element elementor-element-985fe55 e-con-full e-flex e-con e-child\" data-id=\"985fe55\" data-element_type=\"container\" data-e-type=\"container\">\n\t\t\t\t<div class=\"elementor-element elementor-element-8bdc7b4 elementor-widget elementor-widget-wd_image_or_svg\" data-id=\"8bdc7b4\" data-element_type=\"widget\" data-e-type=\"widget\" data-widget_type=\"wd_image_or_svg.default\">\n\t\t\t\t<div class=\"elementor-widget-container\">\n\t\t\t\t\t\n\t\t<div class=\"wd-image text-left\">\n\t\t\t\t\t\t\t\t<img loading=\"lazy\" decoding=\"async\" width=\"1408\" height=\"768\" src=\"https:\/\/lindelnlanguageclub.ch\/wp-content\/uploads\/2025\/10\/3.jpg\" class=\"attachment-full size-full\" alt=\"\" srcset=\"https:\/\/lindelnlanguageclub.ch\/wp-content\/uploads\/2025\/10\/3.jpg 1408w, https:\/\/lindelnlanguageclub.ch\/wp-content\/uploads\/2025\/10\/3-400x218.jpg 400w, https:\/\/lindelnlanguageclub.ch\/wp-content\/uploads\/2025\/10\/3-1300x709.jpg 1300w, https:\/\/lindelnlanguageclub.ch\/wp-content\/uploads\/2025\/10\/3-768x419.jpg 768w, https:\/\/lindelnlanguageclub.ch\/wp-content\/uploads\/2025\/10\/3-430x235.jpg 430w, https:\/\/lindelnlanguageclub.ch\/wp-content\/uploads\/2025\/10\/3-700x382.jpg 700w, https:\/\/lindelnlanguageclub.ch\/wp-content\/uploads\/2025\/10\/3-150x82.jpg 150w\" sizes=\"auto, (max-width: 1408px) 100vw, 1408px\" \/>\t\t\t\t\t<\/div>\n\n\t\t\t\t\t\t<\/div>\n\t\t\t\t<\/div>\n\t\t\t\t<\/div>\n\t\t<div class=\"elementor-element elementor-element-f85fdbd e-con-full e-flex e-con e-child\" data-id=\"f85fdbd\" data-element_type=\"container\" data-e-type=\"container\">\n\t\t\t\t<div class=\"elementor-element elementor-element-98cee2c wd-width-100 elementor-widget elementor-widget-wd_title\" data-id=\"98cee2c\" data-element_type=\"widget\" data-e-type=\"widget\" data-widget_type=\"wd_title.default\">\n\t\t\t\t<div class=\"elementor-widget-container\">\n\t\t\t\t\t\t\t<div class=\"title-wrapper wd-set-mb reset-last-child wd-title-color-default wd-title-style-default wd-title-size-default text-left\">\n\n\t\t\t\n\t\t\t<div class=\"liner-continer\">\n\t\t\t\t<h4 class=\"woodmart-title-container title wd-fontsize-l\">Bir Topluluk, Sadece Bir Okul De\u011fil<\/h4> \n\t\t\t\t\t\t\t<\/div>\n\n\t\t\t\t\t\t\t<div class=\"title-after_title reset-last-child wd-fontsize-xs\">\n\t\t\t\t\tBiz bir dil okulundan daha fazlas\u0131y\u0131z - biz bir toplulu\u011fuz. Etkinlikler, konu\u015fma kul\u00fcpleri ve k\u00fclt\u00fcrel de\u011fi\u015fimler arac\u0131l\u0131\u011f\u0131yla dili ya\u015famak i\u00e7in ger\u00e7ek f\u0131rsatlar yarat\u0131yoruz.\t\t\t\t<\/div>\n\t\t\t\t\t<\/div>\n\t\t\t\t\t\t<\/div>\n\t\t\t\t<\/div>\n\t\t\t\t<\/div>\n\t\t\t\t\t<\/div>\n\t\t\t\t<\/div>\n\t\t<div class=\"wd-negative-gap elementor-element elementor-element-44de21a wd-section-stretch e-flex e-con-boxed e-con e-parent\" data-id=\"44de21a\" data-element_type=\"container\" data-e-type=\"container\" data-settings=\"{&quot;background_background&quot;:&quot;classic&quot;}\">\n\t\t\t\t\t<div class=\"e-con-inner\">\n\t\t\t\t<div class=\"elementor-element elementor-element-6bef9d5 wd-width-100 elementor-widget elementor-widget-wd_title\" data-id=\"6bef9d5\" data-element_type=\"widget\" data-e-type=\"widget\" data-widget_type=\"wd_title.default\">\n\t\t\t\t<div class=\"elementor-widget-container\">\n\t\t\t\t\t\t\t<div class=\"title-wrapper wd-set-mb reset-last-child wd-title-color-default wd-title-style-default wd-title-size-default text-left\">\n\n\t\t\t\n\t\t\t<div class=\"liner-continer\">\n\t\t\t\t<h4 class=\"woodmart-title-container title wd-fontsize-l\">SSS<\/h4> \n\t\t\t\t\t\t\t<\/div>\n\n\t\t\t\t\t<\/div>\n\t\t\t\t\t\t<\/div>\n\t\t\t\t<\/div>\n\t\t<div class=\"elementor-element elementor-element-583c491 e-con-full e-flex e-con e-child\" data-id=\"583c491\" data-element_type=\"container\" data-e-type=\"container\">\n\t\t<div class=\"elementor-element elementor-element-d2f83fe e-con-full e-flex e-con e-child\" data-id=\"d2f83fe\" data-element_type=\"container\" data-e-type=\"container\">\n\t\t\t\t<div class=\"elementor-element elementor-element-543f18c elementor-widget elementor-widget-wd_accordion\" data-id=\"543f18c\" data-element_type=\"widget\" data-e-type=\"widget\" data-widget_type=\"wd_accordion.default\">\n\t\t\t\t<div class=\"elementor-widget-container\">\n\t\t\t\t\t\n\t\t<div class=\"wd-accordion wd-style-shadow wd-titles-left wd-opener-pos-right wd-opener-style-arrow\" data-state=\"all_closed\">\n\t\t\t\t\t\t\t\n\t\t\t\t<div class=\"wd-accordion-item\">\n\t\t\t\t\t<div class=\"wd-accordion-title wd-role-btn\" data-accordion-index=\"0\" tabindex=\"0\">\n\t\t\t\t\t\t<div class=\"wd-accordion-title-text\">\n\t\t\t\t\t\t\t\t\t\t\t\t\t\t<span>\n\t\t\t\t\t\t\t\tLindeln Dil Kul\u00fcb\u00fc nedir?\t\t\t\t\t\t\t<\/span>\n\t\t\t\t\t\t<\/div>\n\t\t\t\t\t\t<span class=\"wd-accordion-opener\"><\/span>\n\t\t\t\t\t<\/div>\n\n\t\t\t\t\t<div class=\"wd-accordion-content wd-entry-content\" data-accordion-index=\"0\">\n\t\t\t\t\t\t\t\t\t\t\t\t\t\n\t\t\t\t\t\t\t<p>Lindeln Dil Kul\u00fcb\u00fc, \u0130svi\u00e7re'de insanlar\u0131n yeni dilleri etkile\u015fimli ve e\u011flenceli bir \u015fekilde \u00f6\u011frenmelerine ve uygulamalar\u0131na yard\u0131mc\u0131 olan, \u00f6\u011frenmeyi ger\u00e7ek k\u00fclt\u00fcrel al\u0131\u015fveri\u015fle birle\u015ftiren topluluk odakl\u0131 bir dil okuludur.<\/p>\n\t\t\t\t\t\t\t\t\t\t\t\t\t\t\t\t\t\t<\/div>\n\t\t\t\t<\/div>\n\t\t\t\t\t\t\t\n\t\t\t\t<div class=\"wd-accordion-item\">\n\t\t\t\t\t<div class=\"wd-accordion-title wd-role-btn\" data-accordion-index=\"1\" tabindex=\"0\">\n\t\t\t\t\t\t<div class=\"wd-accordion-title-text\">\n\t\t\t\t\t\t\t\t\t\t\t\t\t\t<span>\n\t\t\t\t\t\t\t\tLindeln Dil Kul\u00fcb\u00fc'nde hangi dilleri \u00f6\u011frenebilirim?\t\t\t\t\t\t\t<\/span>\n\t\t\t\t\t\t<\/div>\n\t\t\t\t\t\t<span class=\"wd-accordion-opener\"><\/span>\n\t\t\t\t\t<\/div>\n\n\t\t\t\t\t<div class=\"wd-accordion-content wd-entry-content\" data-accordion-index=\"1\">\n\t\t\t\t\t\t\t\t\t\t\t\t\t\n\t\t\t\t\t\t\t<p>Esnek \u00f6\u011frenme se\u00e7enekleri ve k\u00fc\u00e7\u00fck grup s\u0131n\u0131flar\u0131 ile yeni ba\u015flayanlardan ileri d\u00fczey konu\u015fmac\u0131lara kadar farkl\u0131 seviyeler i\u00e7in \u0130ngilizce, Almanca, T\u00fcrk\u00e7e ve Frans\u0131zca kurslar\u0131 sunuyoruz.<\/p>\n\t\t\t\t\t\t\t\t\t\t\t\t\t\t\t\t\t\t<\/div>\n\t\t\t\t<\/div>\n\t\t\t\t\t\t\t\n\t\t\t\t<div class=\"wd-accordion-item\">\n\t\t\t\t\t<div class=\"wd-accordion-title wd-role-btn\" data-accordion-index=\"2\" tabindex=\"0\">\n\t\t\t\t\t\t<div class=\"wd-accordion-title-text\">\n\t\t\t\t\t\t\t\t\t\t\t\t\t\t<span>\n\t\t\t\t\t\t\t\t\u00d6\u011fretmenler kim?\t\t\t\t\t\t\t<\/span>\n\t\t\t\t\t\t<\/div>\n\t\t\t\t\t\t<span class=\"wd-accordion-opener\"><\/span>\n\t\t\t\t\t<\/div>\n\n\t\t\t\t\t<div class=\"wd-accordion-content wd-entry-content\" data-accordion-index=\"2\">\n\t\t\t\t\t\t\t\t\t\t\t\t\t\n\t\t\t\t\t\t\t<p>\u00d6\u011fretmenlerimiz, dil e\u011fitimi ve k\u00fclt\u00fcrleraras\u0131 ileti\u015fim konusunda uzmanla\u015fm\u0131\u015f deneyimli, tutkulu profesyonellerdir. Her \u00f6\u011frenci i\u00e7in rahat ve motive edici bir \u00f6\u011frenme ortam\u0131 yarat\u0131rlar.<\/p>\n\t\t\t\t\t\t\t\t\t\t\t\t\t\t\t\t\t\t<\/div>\n\t\t\t\t<\/div>\n\t\t\t\t\t\t\t\n\t\t\t\t<div class=\"wd-accordion-item\">\n\t\t\t\t\t<div class=\"wd-accordion-title wd-role-btn\" data-accordion-index=\"3\" tabindex=\"0\">\n\t\t\t\t\t\t<div class=\"wd-accordion-title-text\">\n\t\t\t\t\t\t\t\t\t\t\t\t\t\t<span>\n\t\t\t\t\t\t\t\t\u00c7evrimi\u00e7i kurslar var m\u0131?\t\t\t\t\t\t\t<\/span>\n\t\t\t\t\t\t<\/div>\n\t\t\t\t\t\t<span class=\"wd-accordion-opener\"><\/span>\n\t\t\t\t\t<\/div>\n\n\t\t\t\t\t<div class=\"wd-accordion-content wd-entry-content\" data-accordion-index=\"3\">\n\t\t\t\t\t\t\t\t\t\t\t\t\t\n\t\t\t\t\t\t\t<p>Evet<\/p>\n\t\t\t\t\t\t\t\t\t\t\t\t\t\t\t\t\t\t<\/div>\n\t\t\t\t<\/div>\n\t\t\t\t\t<\/div>\n\t\t\t\t\t\t<\/div>\n\t\t\t\t<\/div>\n\t\t\t\t<\/div>\n\t\t<div class=\"elementor-element elementor-element-34ece64 e-con-full e-flex e-con e-child\" data-id=\"34ece64\" data-element_type=\"container\" data-e-type=\"container\">\n\t\t\t\t<div class=\"elementor-element elementor-element-b4c05a4 elementor-widget elementor-widget-wd_accordion\" data-id=\"b4c05a4\" data-element_type=\"widget\" data-e-type=\"widget\" data-widget_type=\"wd_accordion.default\">\n\t\t\t\t<div class=\"elementor-widget-container\">\n\t\t\t\t\t\n\t\t<div class=\"wd-accordion wd-style-shadow wd-titles-left wd-opener-pos-right wd-opener-style-arrow\" data-state=\"all_closed\">\n\t\t\t\t\t\t\t\n\t\t\t\t<div class=\"wd-accordion-item\">\n\t\t\t\t\t<div class=\"wd-accordion-title wd-role-btn\" data-accordion-index=\"0\" tabindex=\"0\">\n\t\t\t\t\t\t<div class=\"wd-accordion-title-text\">\n\t\t\t\t\t\t\t\t\t\t\t\t\t\t<span>\n\t\t\t\t\t\t\t\tDersler nas\u0131l yap\u0131land\u0131r\u0131l\u0131yor?\t\t\t\t\t\t\t<\/span>\n\t\t\t\t\t\t<\/div>\n\t\t\t\t\t\t<span class=\"wd-accordion-opener\"><\/span>\n\t\t\t\t\t<\/div>\n\n\t\t\t\t\t<div class=\"wd-accordion-content wd-entry-content\" data-accordion-index=\"0\">\n\t\t\t\t\t\t\t\t\t\t\t\t\t\n\t\t\t\t\t\t\t<p>Dersler interaktif ve pratik olacak \u015fekilde tasarlanm\u0131\u015ft\u0131r. Dilbilgisi kurallar\u0131n\u0131 ezberlemek yerine konu\u015fma, dinleme ve ger\u00e7ek hayattaki ileti\u015fime odaklan\u0131yoruz. Aktiviteler, oyunlar ve tart\u0131\u015fmalar yoluyla \u00f6\u011freneceksiniz.<\/p>\n\t\t\t\t\t\t\t\t\t\t\t\t\t\t\t\t\t\t<\/div>\n\t\t\t\t<\/div>\n\t\t\t\t\t\t\t\n\t\t\t\t<div class=\"wd-accordion-item\">\n\t\t\t\t\t<div class=\"wd-accordion-title wd-role-btn\" data-accordion-index=\"1\" tabindex=\"0\">\n\t\t\t\t\t\t<div class=\"wd-accordion-title-text\">\n\t\t\t\t\t\t\t\t\t\t\t\t\t\t<span>\n\t\t\t\t\t\t\t\tLindeln Dil Kul\u00fcb\u00fc sadece yeti\u015fkinler i\u00e7in mi?\t\t\t\t\t\t\t<\/span>\n\t\t\t\t\t\t<\/div>\n\t\t\t\t\t\t<span class=\"wd-accordion-opener\"><\/span>\n\t\t\t\t\t<\/div>\n\n\t\t\t\t\t<div class=\"wd-accordion-content wd-entry-content\" data-accordion-index=\"1\">\n\t\t\t\t\t\t\t\t\t\t\t\t\t\n\t\t\t\t\t\t\t<p>Hay\u0131r! 8 ya\u015f ve \u00fczeri \u00f6\u011frencileri bekliyoruz. \u0130ster gen\u00e7, ister \u00f6\u011frenci veya gen\u00e7 bir profesyonel olun, \u00f6\u011frenme hedeflerinize uygun kurslar ve etkinlikler bulacaks\u0131n\u0131z.<\/p>\n\t\t\t\t\t\t\t\t\t\t\t\t\t\t\t\t\t\t<\/div>\n\t\t\t\t<\/div>\n\t\t\t\t\t\t\t\n\t\t\t\t<div class=\"wd-accordion-item\">\n\t\t\t\t\t<div class=\"wd-accordion-title wd-role-btn\" data-accordion-index=\"2\" tabindex=\"0\">\n\t\t\t\t\t\t<div class=\"wd-accordion-title-text\">\n\t\t\t\t\t\t\t\t\t\t\t\t\t\t<span>\n\t\t\t\t\t\t\t\tHerhangi bir topluluk etkinli\u011fi veya faaliyeti var m\u0131?\t\t\t\t\t\t\t<\/span>\n\t\t\t\t\t\t<\/div>\n\t\t\t\t\t\t<span class=\"wd-accordion-opener\"><\/span>\n\t\t\t\t\t<\/div>\n\n\t\t\t\t\t<div class=\"wd-accordion-content wd-entry-content\" data-accordion-index=\"2\">\n\t\t\t\t\t\t\t\t\t\t\t\t\t\n\t\t\t\t\t\t\t<p>Evet! D\u00fczenli olarak dil bulu\u015fmalar\u0131na, k\u00fclt\u00fcrel ak\u015famlara ve \u00f6\u011frencilerin samimi, ger\u00e7ek d\u00fcnya ortam\u0131nda dil prati\u011fi yapabilecekleri - g\u00fcven ve ba\u011flant\u0131lar kurabilecekleri sosyal toplant\u0131lara ev sahipli\u011fi yap\u0131yoruz.<\/p>\n\t\t\t\t\t\t\t\t\t\t\t\t\t\t\t\t\t\t<\/div>\n\t\t\t\t<\/div>\n\t\t\t\t\t<\/div>\n\t\t\t\t\t\t<\/div>\n\t\t\t\t<\/div>\n\t\t\t\t<\/div>\n\t\t\t\t<\/div>\n\t\t\t\t\t<\/div>\n\t\t\t\t<\/div>\n\t\t\t\t<\/div>","protected":false},"excerpt":{"rendered":"<p>About us HomePage Lindeln Language Club At Lindeln Language Club, we believe that language learning opens doors to new cultures,<\/p>","protected":false},"author":1,"featured_media":0,"parent":0,"menu_order":0,"comment_status":"closed","ping_status":"closed","template":"","meta":{"footnotes":""},"class_list":["post-18","page","type-page","status-publish","hentry"],"_links":{"self":[{"href":"https:\/\/lindelnlanguageclub.ch\/tr\/wp-json\/wp\/v2\/pages\/18","targetHints":{"allow":["GET"]}}],"collection":[{"href":"https:\/\/lindelnlanguageclub.ch\/tr\/wp-json\/wp\/v2\/pages"}],"about":[{"href":"https:\/\/lindelnlanguageclub.ch\/tr\/wp-json\/wp\/v2\/types\/page"}],"author":[{"embeddable":true,"href":"https:\/\/lindelnlanguageclub.ch\/tr\/wp-json\/wp\/v2\/users\/1"}],"replies":[{"embeddable":true,"href":"https:\/\/lindelnlanguageclub.ch\/tr\/wp-json\/wp\/v2\/comments?post=18"}],"version-history":[{"count":36,"href":"https:\/\/lindelnlanguageclub.ch\/tr\/wp-json\/wp\/v2\/pages\/18\/revisions"}],"predecessor-version":[{"id":3356,"href":"https:\/\/lindelnlanguageclub.ch\/tr\/wp-json\/wp\/v2\/pages\/18\/revisions\/3356"}],"wp:attachment":[{"href":"https:\/\/lindelnlanguageclub.ch\/tr\/wp-json\/wp\/v2\/media?parent=18"}],"curies":[{"name":"wp","href":"https:\/\/api.w.org\/{rel}","templated":true}]}}