{"id":18,"date":"2025-08-04T13:32:32","date_gmt":"2025-08-04T13:32:32","guid":{"rendered":"https:\/\/dummy.xtemos.com\/woodmart2\/pets-elementor\/?page_id=18"},"modified":"2025-10-28T20:45:31","modified_gmt":"2025-10-28T20:45:31","slug":"uber-uns","status":"publish","type":"page","link":"https:\/\/lindelnlanguageclub.ch\/de\/uber-uns\/","title":{"rendered":"\u00dcber uns"},"content":{"rendered":"<div data-elementor-type=\"wp-page\" data-elementor-id=\"18\" class=\"elementor elementor-18\">\n\t\t\t\t<div class=\"wd-negative-gap elementor-element elementor-element-027f74a wd-section-stretch e-flex e-con-boxed e-con e-parent\" data-id=\"027f74a\" data-element_type=\"container\" data-e-type=\"container\" data-settings=\"{&quot;background_background&quot;:&quot;classic&quot;}\">\n\t\t\t\t\t<div class=\"e-con-inner\">\n\t\t\t\t<div class=\"elementor-element elementor-element-dd3bafa wd-el-page-heading text-left elementor-widget elementor-widget-wd_page_heading\" data-id=\"dd3bafa\" data-element_type=\"widget\" data-e-type=\"widget\" data-widget_type=\"wd_page_heading.default\">\n\t\t\t\t<div class=\"elementor-widget-container\">\n\t\t\t\t\t<h2 class=\"entry-title title\">\u00dcber uns<\/h2>\t\t\t\t<\/div>\n\t\t\t\t<\/div>\n\t\t\t\t<div class=\"elementor-element elementor-element-d41ec81 wd-el-breadcrumbs text-left elementor-widget elementor-widget-wd_element_breadcrumbs\" data-id=\"d41ec81\" data-element_type=\"widget\" data-e-type=\"widget\" data-widget_type=\"wd_element_breadcrumbs.default\">\n\t\t\t\t<div class=\"elementor-widget-container\">\n\t\t\t\t\t<nav class=\"wd-breadcrumbs\"><a href=\"https:\/\/lindelnlanguageclub.ch\/de\/\">Startseite<\/a><span class=\"wd-delimiter\"><\/span><span class=\"wd-last\">Seite<\/span><\/nav>\t\t\t\t<\/div>\n\t\t\t\t<\/div>\n\t\t\t\t\t<\/div>\n\t\t\t\t<\/div>\n\t\t<div class=\"wd-negative-gap elementor-element elementor-element-10a5fc4 e-flex e-con-boxed e-con e-parent\" data-id=\"10a5fc4\" data-element_type=\"container\" data-e-type=\"container\" data-settings=\"{&quot;background_background&quot;:&quot;classic&quot;}\">\n\t\t\t\t\t<div class=\"e-con-inner\">\n\t\t<div class=\"elementor-element elementor-element-8f6003d e-con-full e-flex e-con e-child\" data-id=\"8f6003d\" data-element_type=\"container\" data-e-type=\"container\" data-settings=\"{&quot;background_background&quot;:&quot;classic&quot;}\">\n\t\t\t\t<\/div>\n\t\t<div class=\"elementor-element elementor-element-1454eb1 e-con-full color-scheme-light e-flex e-con e-child\" data-id=\"1454eb1\" data-element_type=\"container\" data-e-type=\"container\">\n\t\t\t\t<div class=\"elementor-element elementor-element-eeb1441 wd-width-100 elementor-widget elementor-widget-wd_title\" data-id=\"eeb1441\" data-element_type=\"widget\" data-e-type=\"widget\" data-widget_type=\"wd_title.default\">\n\t\t\t\t<div class=\"elementor-widget-container\">\n\t\t\t\t\t\t\t<div class=\"title-wrapper wd-set-mb reset-last-child wd-title-color-default wd-title-style-default wd-title-size-default text-left\">\n\n\t\t\t\n\t\t\t<div class=\"liner-continer\">\n\t\t\t\t<h4 class=\"woodmart-title-container title wd-fontsize-l\">Lindeln Language Club<\/h4> \n\t\t\t\t\t\t\t<\/div>\n\n\t\t\t\t\t<\/div>\n\t\t\t\t\t\t<\/div>\n\t\t\t\t<\/div>\n\t\t\t\t<div class=\"elementor-element elementor-element-23aacc8 elementor-widget elementor-widget-wd_text_block\" data-id=\"23aacc8\" data-element_type=\"widget\" data-e-type=\"widget\" data-widget_type=\"wd_text_block.default\">\n\t\t\t\t<div class=\"elementor-widget-container\">\n\t\t\t\t\t\t\t<div class=\"wd-text-block reset-last-child text-left\">\n\t\t\t\n\t\t\tIm Lindeln Language Club sind wir davon \u00fcberzeugt, dass das Erlernen einer Sprache die T\u00fcren zu neuen Kulturen, Verbindungen und Selbstvertrauen \u00f6ffnet. Mitten in der Natur gelegen, bringt unser Club Menschen in einer warmen, inspirierenden Umgebung zusammen, um ihre Kommunikationsf\u00e4higkeiten zu verbessern und globale Perspektiven einzunehmen.\n\t\t\t\t\t<\/div>\n\t\t\t\t\t\t<\/div>\n\t\t\t\t<\/div>\n\t\t\t\t<div class=\"elementor-element elementor-element-ca7a063 wd-width-100 elementor-widget elementor-widget-wd_title\" data-id=\"ca7a063\" data-element_type=\"widget\" data-e-type=\"widget\" data-widget_type=\"wd_title.default\">\n\t\t\t\t<div class=\"elementor-widget-container\">\n\t\t\t\t\t\t\t<div class=\"title-wrapper wd-set-mb reset-last-child wd-title-color-default wd-title-style-default wd-title-size-default text-left\">\n\n\t\t\t\n\t\t\t<div class=\"liner-continer\">\n\t\t\t\t<h4 class=\"woodmart-title-container title wd-fontsize-l\">Unser Auftrag<\/h4> \n\t\t\t\t\t\t\t<\/div>\n\n\t\t\t\t\t<\/div>\n\t\t\t\t\t\t<\/div>\n\t\t\t\t<\/div>\n\t\t\t\t<div class=\"elementor-element elementor-element-acd571b elementor-widget elementor-widget-wd_text_block\" data-id=\"acd571b\" data-element_type=\"widget\" data-e-type=\"widget\" data-widget_type=\"wd_text_block.default\">\n\t\t\t\t<div class=\"elementor-widget-container\">\n\t\t\t\t\t\t\t<div class=\"wd-text-block reset-last-child text-left\">\n\t\t\t\n\t\t\tUnser Ziel ist es, das Erlernen von Sprachen angenehm, effektiv und intensiv zu gestalten. Durch personalisierten Unterricht, erfahrene Lehrkr\u00e4fte und dynamische Programme - von Kursen bis hin zu Sprachcamps - bef\u00e4higen wir Lernende jeden Alters, frei zu kommunizieren und die Freude am mehrsprachigen Ausdruck zu entdecken.\n\t\t\t\t\t<\/div>\n\t\t\t\t\t\t<\/div>\n\t\t\t\t<\/div>\n\t\t\t\t<\/div>\n\t\t\t\t\t<\/div>\n\t\t\t\t<\/div>\n\t\t<div class=\"wd-negative-gap elementor-element elementor-element-820c6fa e-flex e-con-boxed e-con e-parent\" data-id=\"820c6fa\" data-element_type=\"container\" data-e-type=\"container\">\n\t\t\t\t\t<div class=\"e-con-inner\">\n\t\t<div class=\"elementor-element elementor-element-76d9d9e e-con-full e-flex e-con e-child\" data-id=\"76d9d9e\" data-element_type=\"container\" data-e-type=\"container\">\n\t\t\t\t<div class=\"elementor-element elementor-element-74b337c elementor-widget elementor-widget-wd_image_or_svg\" data-id=\"74b337c\" data-element_type=\"widget\" data-e-type=\"widget\" data-widget_type=\"wd_image_or_svg.default\">\n\t\t\t\t<div class=\"elementor-widget-container\">\n\t\t\t\t\t\n\t\t<div class=\"wd-image text-left\">\n\t\t\t\t\t\t\t\t<img loading=\"lazy\" decoding=\"async\" width=\"1408\" height=\"768\" src=\"https:\/\/lindelnlanguageclub.ch\/wp-content\/uploads\/2025\/10\/1.jpg\" class=\"attachment-full size-full\" alt=\"\" srcset=\"https:\/\/lindelnlanguageclub.ch\/wp-content\/uploads\/2025\/10\/1.jpg 1408w, https:\/\/lindelnlanguageclub.ch\/wp-content\/uploads\/2025\/10\/1-400x218.jpg 400w, https:\/\/lindelnlanguageclub.ch\/wp-content\/uploads\/2025\/10\/1-1300x709.jpg 1300w, https:\/\/lindelnlanguageclub.ch\/wp-content\/uploads\/2025\/10\/1-768x419.jpg 768w, https:\/\/lindelnlanguageclub.ch\/wp-content\/uploads\/2025\/10\/1-430x235.jpg 430w, https:\/\/lindelnlanguageclub.ch\/wp-content\/uploads\/2025\/10\/1-700x382.jpg 700w, https:\/\/lindelnlanguageclub.ch\/wp-content\/uploads\/2025\/10\/1-150x82.jpg 150w\" sizes=\"auto, (max-width: 1408px) 100vw, 1408px\" \/>\t\t\t\t\t<\/div>\n\n\t\t\t\t\t\t<\/div>\n\t\t\t\t<\/div>\n\t\t\t\t<\/div>\n\t\t<div class=\"elementor-element elementor-element-e131762 e-con-full e-flex e-con e-child\" data-id=\"e131762\" data-element_type=\"container\" data-e-type=\"container\">\n\t\t\t\t<div class=\"elementor-element elementor-element-902975d wd-width-100 elementor-widget elementor-widget-wd_title\" data-id=\"902975d\" data-element_type=\"widget\" data-e-type=\"widget\" data-widget_type=\"wd_title.default\">\n\t\t\t\t<div class=\"elementor-widget-container\">\n\t\t\t\t\t\t\t<div class=\"title-wrapper wd-set-mb reset-last-child wd-title-color-default wd-title-style-default wd-title-size-default text-left\">\n\n\t\t\t\n\t\t\t<div class=\"liner-continer\">\n\t\t\t\t<h4 class=\"woodmart-title-container title wd-fontsize-l\">Mehr als nur Sprachen lernen<\/h4> \n\t\t\t\t\t\t\t<\/div>\n\n\t\t\t\t\t\t\t<div class=\"title-after_title reset-last-child wd-fontsize-xs\">\n\t\t\t\t\tIm Lindeln Language Club unterrichten wir nicht nur Sprachen - wir verbinden Kulturen, Kommunikation und Vertrauen. Unser Ziel ist es, das Lernen f\u00fcr jeden angenehm, pers\u00f6nlich und effektiv zu gestalten.\t\t\t\t<\/div>\n\t\t\t\t\t<\/div>\n\t\t\t\t\t\t<\/div>\n\t\t\t\t<\/div>\n\t\t\t\t<\/div>\n\t\t\t\t\t<\/div>\n\t\t\t\t<\/div>\n\t\t<div class=\"wd-negative-gap elementor-element elementor-element-b53ea43 e-flex e-con-boxed e-con e-parent\" data-id=\"b53ea43\" data-element_type=\"container\" data-e-type=\"container\">\n\t\t\t\t\t<div class=\"e-con-inner\">\n\t\t<div class=\"elementor-element elementor-element-e5f2cb6 e-con-full e-flex e-con e-child\" data-id=\"e5f2cb6\" data-element_type=\"container\" data-e-type=\"container\">\n\t\t\t\t<div class=\"elementor-element elementor-element-a5a3374 wd-width-100 elementor-widget elementor-widget-wd_title\" data-id=\"a5a3374\" data-element_type=\"widget\" data-e-type=\"widget\" data-widget_type=\"wd_title.default\">\n\t\t\t\t<div class=\"elementor-widget-container\">\n\t\t\t\t\t\t\t<div class=\"title-wrapper wd-set-mb reset-last-child wd-title-color-default wd-title-style-default wd-title-size-default text-left\">\n\n\t\t\t\n\t\t\t<div class=\"liner-continer\">\n\t\t\t\t<h4 class=\"woodmart-title-container title wd-fontsize-l\">Erfahrene Lehrkr\u00e4fte, freundliche Atmosph\u00e4re<\/h4> \n\t\t\t\t\t\t\t<\/div>\n\n\t\t\t\t\t\t\t<div class=\"title-after_title reset-last-child wd-fontsize-xs\">\n\t\t\t\t\tUnsere Dozenten sind international erfahrene Fachleute, die Ihnen zum Erfolg verhelfen wollen. Mit kleinen Gruppen und individueller Betreuung machen wir den Lernprozess nat\u00fcrlich und lohnend.\t\t\t\t<\/div>\n\t\t\t\t\t<\/div>\n\t\t\t\t\t\t<\/div>\n\t\t\t\t<\/div>\n\t\t\t\t<\/div>\n\t\t<div class=\"elementor-element elementor-element-7c1872d e-con-full e-flex e-con e-child\" data-id=\"7c1872d\" data-element_type=\"container\" data-e-type=\"container\">\n\t\t\t\t<div class=\"elementor-element elementor-element-2eb735c elementor-widget elementor-widget-wd_image_or_svg\" data-id=\"2eb735c\" data-element_type=\"widget\" data-e-type=\"widget\" data-widget_type=\"wd_image_or_svg.default\">\n\t\t\t\t<div class=\"elementor-widget-container\">\n\t\t\t\t\t\n\t\t<div class=\"wd-image text-left\">\n\t\t\t\t\t\t\t\t<img loading=\"lazy\" decoding=\"async\" width=\"1408\" height=\"768\" src=\"https:\/\/lindelnlanguageclub.ch\/wp-content\/uploads\/2025\/10\/2.jpg\" class=\"attachment-full size-full\" alt=\"\" srcset=\"https:\/\/lindelnlanguageclub.ch\/wp-content\/uploads\/2025\/10\/2.jpg 1408w, https:\/\/lindelnlanguageclub.ch\/wp-content\/uploads\/2025\/10\/2-400x218.jpg 400w, https:\/\/lindelnlanguageclub.ch\/wp-content\/uploads\/2025\/10\/2-1300x709.jpg 1300w, https:\/\/lindelnlanguageclub.ch\/wp-content\/uploads\/2025\/10\/2-768x419.jpg 768w, https:\/\/lindelnlanguageclub.ch\/wp-content\/uploads\/2025\/10\/2-430x235.jpg 430w, https:\/\/lindelnlanguageclub.ch\/wp-content\/uploads\/2025\/10\/2-700x382.jpg 700w, https:\/\/lindelnlanguageclub.ch\/wp-content\/uploads\/2025\/10\/2-150x82.jpg 150w\" sizes=\"auto, (max-width: 1408px) 100vw, 1408px\" \/>\t\t\t\t\t<\/div>\n\n\t\t\t\t\t\t<\/div>\n\t\t\t\t<\/div>\n\t\t\t\t<\/div>\n\t\t\t\t\t<\/div>\n\t\t\t\t<\/div>\n\t\t<div class=\"wd-negative-gap elementor-element elementor-element-b6fd351 e-flex e-con-boxed e-con e-parent\" data-id=\"b6fd351\" data-element_type=\"container\" data-e-type=\"container\">\n\t\t\t\t\t<div class=\"e-con-inner\">\n\t\t<div class=\"elementor-element elementor-element-985fe55 e-con-full e-flex e-con e-child\" data-id=\"985fe55\" data-element_type=\"container\" data-e-type=\"container\">\n\t\t\t\t<div class=\"elementor-element elementor-element-8bdc7b4 elementor-widget elementor-widget-wd_image_or_svg\" data-id=\"8bdc7b4\" data-element_type=\"widget\" data-e-type=\"widget\" data-widget_type=\"wd_image_or_svg.default\">\n\t\t\t\t<div class=\"elementor-widget-container\">\n\t\t\t\t\t\n\t\t<div class=\"wd-image text-left\">\n\t\t\t\t\t\t\t\t<img loading=\"lazy\" decoding=\"async\" width=\"1408\" height=\"768\" src=\"https:\/\/lindelnlanguageclub.ch\/wp-content\/uploads\/2025\/10\/3.jpg\" class=\"attachment-full size-full\" alt=\"\" srcset=\"https:\/\/lindelnlanguageclub.ch\/wp-content\/uploads\/2025\/10\/3.jpg 1408w, https:\/\/lindelnlanguageclub.ch\/wp-content\/uploads\/2025\/10\/3-400x218.jpg 400w, https:\/\/lindelnlanguageclub.ch\/wp-content\/uploads\/2025\/10\/3-1300x709.jpg 1300w, https:\/\/lindelnlanguageclub.ch\/wp-content\/uploads\/2025\/10\/3-768x419.jpg 768w, https:\/\/lindelnlanguageclub.ch\/wp-content\/uploads\/2025\/10\/3-430x235.jpg 430w, https:\/\/lindelnlanguageclub.ch\/wp-content\/uploads\/2025\/10\/3-700x382.jpg 700w, https:\/\/lindelnlanguageclub.ch\/wp-content\/uploads\/2025\/10\/3-150x82.jpg 150w\" sizes=\"auto, (max-width: 1408px) 100vw, 1408px\" \/>\t\t\t\t\t<\/div>\n\n\t\t\t\t\t\t<\/div>\n\t\t\t\t<\/div>\n\t\t\t\t<\/div>\n\t\t<div class=\"elementor-element elementor-element-f85fdbd e-con-full e-flex e-con e-child\" data-id=\"f85fdbd\" data-element_type=\"container\" data-e-type=\"container\">\n\t\t\t\t<div class=\"elementor-element elementor-element-98cee2c wd-width-100 elementor-widget elementor-widget-wd_title\" data-id=\"98cee2c\" data-element_type=\"widget\" data-e-type=\"widget\" data-widget_type=\"wd_title.default\">\n\t\t\t\t<div class=\"elementor-widget-container\">\n\t\t\t\t\t\t\t<div class=\"title-wrapper wd-set-mb reset-last-child wd-title-color-default wd-title-style-default wd-title-size-default text-left\">\n\n\t\t\t\n\t\t\t<div class=\"liner-continer\">\n\t\t\t\t<h4 class=\"woodmart-title-container title wd-fontsize-l\">Eine Gemeinschaft, nicht nur eine Schule<\/h4> \n\t\t\t\t\t\t\t<\/div>\n\n\t\t\t\t\t\t\t<div class=\"title-after_title reset-last-child wd-fontsize-xs\">\n\t\t\t\t\tWir sind mehr als eine Sprachschule - wir sind eine Gemeinschaft. Durch Veranstaltungen, Konversationsclubs und kulturellen Austausch schaffen wir echte M\u00f6glichkeiten, die Sprache zu leben.\t\t\t\t<\/div>\n\t\t\t\t\t<\/div>\n\t\t\t\t\t\t<\/div>\n\t\t\t\t<\/div>\n\t\t\t\t<\/div>\n\t\t\t\t\t<\/div>\n\t\t\t\t<\/div>\n\t\t<div class=\"wd-negative-gap elementor-element elementor-element-44de21a wd-section-stretch e-flex e-con-boxed e-con e-parent\" data-id=\"44de21a\" data-element_type=\"container\" data-e-type=\"container\" data-settings=\"{&quot;background_background&quot;:&quot;classic&quot;}\">\n\t\t\t\t\t<div class=\"e-con-inner\">\n\t\t\t\t<div class=\"elementor-element elementor-element-6bef9d5 wd-width-100 elementor-widget elementor-widget-wd_title\" data-id=\"6bef9d5\" data-element_type=\"widget\" data-e-type=\"widget\" data-widget_type=\"wd_title.default\">\n\t\t\t\t<div class=\"elementor-widget-container\">\n\t\t\t\t\t\t\t<div class=\"title-wrapper wd-set-mb reset-last-child wd-title-color-default wd-title-style-default wd-title-size-default text-left\">\n\n\t\t\t\n\t\t\t<div class=\"liner-continer\">\n\t\t\t\t<h4 class=\"woodmart-title-container title wd-fontsize-l\">FAQs<\/h4> \n\t\t\t\t\t\t\t<\/div>\n\n\t\t\t\t\t<\/div>\n\t\t\t\t\t\t<\/div>\n\t\t\t\t<\/div>\n\t\t<div class=\"elementor-element elementor-element-583c491 e-con-full e-flex e-con e-child\" data-id=\"583c491\" data-element_type=\"container\" data-e-type=\"container\">\n\t\t<div class=\"elementor-element elementor-element-d2f83fe e-con-full e-flex e-con e-child\" data-id=\"d2f83fe\" data-element_type=\"container\" data-e-type=\"container\">\n\t\t\t\t<div class=\"elementor-element elementor-element-543f18c elementor-widget elementor-widget-wd_accordion\" data-id=\"543f18c\" data-element_type=\"widget\" data-e-type=\"widget\" data-widget_type=\"wd_accordion.default\">\n\t\t\t\t<div class=\"elementor-widget-container\">\n\t\t\t\t\t\n\t\t<div class=\"wd-accordion wd-style-shadow wd-titles-left wd-opener-pos-right wd-opener-style-arrow\" data-state=\"all_closed\">\n\t\t\t\t\t\t\t\n\t\t\t\t<div class=\"wd-accordion-item\">\n\t\t\t\t\t<div class=\"wd-accordion-title wd-role-btn\" data-accordion-index=\"0\" tabindex=\"0\">\n\t\t\t\t\t\t<div class=\"wd-accordion-title-text\">\n\t\t\t\t\t\t\t\t\t\t\t\t\t\t<span>\n\t\t\t\t\t\t\t\tWas ist der Lindeln Language Club?\t\t\t\t\t\t\t<\/span>\n\t\t\t\t\t\t<\/div>\n\t\t\t\t\t\t<span class=\"wd-accordion-opener\"><\/span>\n\t\t\t\t\t<\/div>\n\n\t\t\t\t\t<div class=\"wd-accordion-content wd-entry-content\" data-accordion-index=\"0\">\n\t\t\t\t\t\t\t\t\t\t\t\t\t\n\t\t\t\t\t\t\t<p>Der Lindeln Language Club ist eine gemeinschaftsorientierte Sprachschule in der Schweiz, die Menschen dabei hilft, neue Sprachen auf interaktive und unterhaltsame Weise zu lernen und zu \u00fcben - indem sie das Lernen mit einem echten kulturellen Austausch verbindet.<\/p>\n\t\t\t\t\t\t\t\t\t\t\t\t\t\t\t\t\t\t<\/div>\n\t\t\t\t<\/div>\n\t\t\t\t\t\t\t\n\t\t\t\t<div class=\"wd-accordion-item\">\n\t\t\t\t\t<div class=\"wd-accordion-title wd-role-btn\" data-accordion-index=\"1\" tabindex=\"0\">\n\t\t\t\t\t\t<div class=\"wd-accordion-title-text\">\n\t\t\t\t\t\t\t\t\t\t\t\t\t\t<span>\n\t\t\t\t\t\t\t\tWelche Sprachen kann ich im Lindeln Language Club lernen?\t\t\t\t\t\t\t<\/span>\n\t\t\t\t\t\t<\/div>\n\t\t\t\t\t\t<span class=\"wd-accordion-opener\"><\/span>\n\t\t\t\t\t<\/div>\n\n\t\t\t\t\t<div class=\"wd-accordion-content wd-entry-content\" data-accordion-index=\"1\">\n\t\t\t\t\t\t\t\t\t\t\t\t\t\n\t\t\t\t\t\t\t<p>Wir bieten Englisch-, Deutsch-, T\u00fcrkisch- und Franz\u00f6sischkurse f\u00fcr verschiedene Niveaus - vom Anf\u00e4nger bis zum Fortgeschrittenen - mit flexiblen Lernoptionen und kleinen Gruppen.<\/p>\n\t\t\t\t\t\t\t\t\t\t\t\t\t\t\t\t\t\t<\/div>\n\t\t\t\t<\/div>\n\t\t\t\t\t\t\t\n\t\t\t\t<div class=\"wd-accordion-item\">\n\t\t\t\t\t<div class=\"wd-accordion-title wd-role-btn\" data-accordion-index=\"2\" tabindex=\"0\">\n\t\t\t\t\t\t<div class=\"wd-accordion-title-text\">\n\t\t\t\t\t\t\t\t\t\t\t\t\t\t<span>\n\t\t\t\t\t\t\t\tWer sind die Lehrer?\t\t\t\t\t\t\t<\/span>\n\t\t\t\t\t\t<\/div>\n\t\t\t\t\t\t<span class=\"wd-accordion-opener\"><\/span>\n\t\t\t\t\t<\/div>\n\n\t\t\t\t\t<div class=\"wd-accordion-content wd-entry-content\" data-accordion-index=\"2\">\n\t\t\t\t\t\t\t\t\t\t\t\t\t\n\t\t\t\t\t\t\t<p>Unsere Lehrer sind erfahrene, leidenschaftliche Fachleute, die sich auf Sprachunterricht und interkulturelle Kommunikation spezialisiert haben. Sie schaffen eine entspannte und motivierende Lernumgebung f\u00fcr jeden Sch\u00fcler.<\/p>\n\t\t\t\t\t\t\t\t\t\t\t\t\t\t\t\t\t\t<\/div>\n\t\t\t\t<\/div>\n\t\t\t\t\t\t\t\n\t\t\t\t<div class=\"wd-accordion-item\">\n\t\t\t\t\t<div class=\"wd-accordion-title wd-role-btn\" data-accordion-index=\"3\" tabindex=\"0\">\n\t\t\t\t\t\t<div class=\"wd-accordion-title-text\">\n\t\t\t\t\t\t\t\t\t\t\t\t\t\t<span>\n\t\t\t\t\t\t\t\tGibt es Online-Kurse?\t\t\t\t\t\t\t<\/span>\n\t\t\t\t\t\t<\/div>\n\t\t\t\t\t\t<span class=\"wd-accordion-opener\"><\/span>\n\t\t\t\t\t<\/div>\n\n\t\t\t\t\t<div class=\"wd-accordion-content wd-entry-content\" data-accordion-index=\"3\">\n\t\t\t\t\t\t\t\t\t\t\t\t\t\n\t\t\t\t\t\t\t<p>Ja<\/p>\n\t\t\t\t\t\t\t\t\t\t\t\t\t\t\t\t\t\t<\/div>\n\t\t\t\t<\/div>\n\t\t\t\t\t<\/div>\n\t\t\t\t\t\t<\/div>\n\t\t\t\t<\/div>\n\t\t\t\t<\/div>\n\t\t<div class=\"elementor-element elementor-element-34ece64 e-con-full e-flex e-con e-child\" data-id=\"34ece64\" data-element_type=\"container\" data-e-type=\"container\">\n\t\t\t\t<div class=\"elementor-element elementor-element-b4c05a4 elementor-widget elementor-widget-wd_accordion\" data-id=\"b4c05a4\" data-element_type=\"widget\" data-e-type=\"widget\" data-widget_type=\"wd_accordion.default\">\n\t\t\t\t<div class=\"elementor-widget-container\">\n\t\t\t\t\t\n\t\t<div class=\"wd-accordion wd-style-shadow wd-titles-left wd-opener-pos-right wd-opener-style-arrow\" data-state=\"all_closed\">\n\t\t\t\t\t\t\t\n\t\t\t\t<div class=\"wd-accordion-item\">\n\t\t\t\t\t<div class=\"wd-accordion-title wd-role-btn\" data-accordion-index=\"0\" tabindex=\"0\">\n\t\t\t\t\t\t<div class=\"wd-accordion-title-text\">\n\t\t\t\t\t\t\t\t\t\t\t\t\t\t<span>\n\t\t\t\t\t\t\t\tWie ist der Unterricht aufgebaut?\t\t\t\t\t\t\t<\/span>\n\t\t\t\t\t\t<\/div>\n\t\t\t\t\t\t<span class=\"wd-accordion-opener\"><\/span>\n\t\t\t\t\t<\/div>\n\n\t\t\t\t\t<div class=\"wd-accordion-content wd-entry-content\" data-accordion-index=\"0\">\n\t\t\t\t\t\t\t\t\t\t\t\t\t\n\t\t\t\t\t\t\t<p>Der Unterricht ist interaktiv und praxisnah gestaltet. Wir konzentrieren uns auf Konversation, Zuh\u00f6ren und Kommunikation im wirklichen Leben und nicht auf das Auswendiglernen von Grammatikregeln. Sie werden durch Aktivit\u00e4ten, Spiele und Diskussionen lernen.<\/p>\n\t\t\t\t\t\t\t\t\t\t\t\t\t\t\t\t\t\t<\/div>\n\t\t\t\t<\/div>\n\t\t\t\t\t\t\t\n\t\t\t\t<div class=\"wd-accordion-item\">\n\t\t\t\t\t<div class=\"wd-accordion-title wd-role-btn\" data-accordion-index=\"1\" tabindex=\"0\">\n\t\t\t\t\t\t<div class=\"wd-accordion-title-text\">\n\t\t\t\t\t\t\t\t\t\t\t\t\t\t<span>\n\t\t\t\t\t\t\t\tIst der Lindeln Language Club nur f\u00fcr Erwachsene?\t\t\t\t\t\t\t<\/span>\n\t\t\t\t\t\t<\/div>\n\t\t\t\t\t\t<span class=\"wd-accordion-opener\"><\/span>\n\t\t\t\t\t<\/div>\n\n\t\t\t\t\t<div class=\"wd-accordion-content wd-entry-content\" data-accordion-index=\"1\">\n\t\t\t\t\t\t\t\t\t\t\t\t\t\n\t\t\t\t\t\t\t<p>Nein! Wir hei\u00dfen Sch\u00fcler ab 8 Jahren willkommen. Egal, ob Sie ein Teenager, ein Student oder ein junger Berufst\u00e4tiger sind, Sie werden Kurse und Aktivit\u00e4ten finden, die Ihren Lernzielen entsprechen.<\/p>\n\t\t\t\t\t\t\t\t\t\t\t\t\t\t\t\t\t\t<\/div>\n\t\t\t\t<\/div>\n\t\t\t\t\t\t\t\n\t\t\t\t<div class=\"wd-accordion-item\">\n\t\t\t\t\t<div class=\"wd-accordion-title wd-role-btn\" data-accordion-index=\"2\" tabindex=\"0\">\n\t\t\t\t\t\t<div class=\"wd-accordion-title-text\">\n\t\t\t\t\t\t\t\t\t\t\t\t\t\t<span>\n\t\t\t\t\t\t\t\tGibt es Veranstaltungen oder Aktivit\u00e4ten in der Gemeinde?\t\t\t\t\t\t\t<\/span>\n\t\t\t\t\t\t<\/div>\n\t\t\t\t\t\t<span class=\"wd-accordion-opener\"><\/span>\n\t\t\t\t\t<\/div>\n\n\t\t\t\t\t<div class=\"wd-accordion-content wd-entry-content\" data-accordion-index=\"2\">\n\t\t\t\t\t\t\t\t\t\t\t\t\t\n\t\t\t\t\t\t\t<p>Ja! Wir veranstalten regelm\u00e4\u00dfig Sprachtreffs, kulturelle Abende und gesellige Zusammenk\u00fcnfte, bei denen die Sch\u00fcler in einem freundlichen, realen Umfeld Sprachen \u00fcben k\u00f6nnen - das schafft Vertrauen und Verbindungen.<\/p>\n\t\t\t\t\t\t\t\t\t\t\t\t\t\t\t\t\t\t<\/div>\n\t\t\t\t<\/div>\n\t\t\t\t\t<\/div>\n\t\t\t\t\t\t<\/div>\n\t\t\t\t<\/div>\n\t\t\t\t<\/div>\n\t\t\t\t<\/div>\n\t\t\t\t\t<\/div>\n\t\t\t\t<\/div>\n\t\t\t\t<\/div>","protected":false},"excerpt":{"rendered":"<p>About us HomePage Lindeln Language Club At Lindeln Language Club, we believe that language learning opens doors to new cultures,<\/p>","protected":false},"author":1,"featured_media":0,"parent":0,"menu_order":0,"comment_status":"closed","ping_status":"closed","template":"","meta":{"footnotes":""},"class_list":["post-18","page","type-page","status-publish","hentry"],"_links":{"self":[{"href":"https:\/\/lindelnlanguageclub.ch\/de\/wp-json\/wp\/v2\/pages\/18","targetHints":{"allow":["GET"]}}],"collection":[{"href":"https:\/\/lindelnlanguageclub.ch\/de\/wp-json\/wp\/v2\/pages"}],"about":[{"href":"https:\/\/lindelnlanguageclub.ch\/de\/wp-json\/wp\/v2\/types\/page"}],"author":[{"embeddable":true,"href":"https:\/\/lindelnlanguageclub.ch\/de\/wp-json\/wp\/v2\/users\/1"}],"replies":[{"embeddable":true,"href":"https:\/\/lindelnlanguageclub.ch\/de\/wp-json\/wp\/v2\/comments?post=18"}],"version-history":[{"count":36,"href":"https:\/\/lindelnlanguageclub.ch\/de\/wp-json\/wp\/v2\/pages\/18\/revisions"}],"predecessor-version":[{"id":3356,"href":"https:\/\/lindelnlanguageclub.ch\/de\/wp-json\/wp\/v2\/pages\/18\/revisions\/3356"}],"wp:attachment":[{"href":"https:\/\/lindelnlanguageclub.ch\/de\/wp-json\/wp\/v2\/media?parent=18"}],"curies":[{"name":"wp","href":"https:\/\/api.w.org\/{rel}","templated":true}]}}